{"id":3,"date":"2020-08-12T23:47:01","date_gmt":"2020-08-12T23:47:01","guid":{"rendered":"http:\/\/www.savegre.com\/web\/?page_id=3"},"modified":"2020-11-24T09:24:11","modified_gmt":"2020-11-24T09:24:11","slug":"politicas","status":"publish","type":"page","link":"https:\/\/www.savegre.com\/web\/politicas\/","title":{"rendered":"POL\u00cdTICAS"},"content":{"rendered":"\t\t<div data-elementor-type=\"wp-page\" data-elementor-id=\"3\" class=\"elementor elementor-3\" data-elementor-settings=\"[]\">\n\t\t\t\t\t\t<div class=\"elementor-inner\">\n\t\t\t\t\t\t\t<div class=\"elementor-section-wrap\">\n\t\t\t\t\t\t\t<section class=\"elementor-section elementor-top-section elementor-element elementor-element-7b94f6d elementor-section-full_width elementor-section-height-default elementor-section-height-default\" data-id=\"7b94f6d\" data-element_type=\"section\" data-settings=\"{&quot;ekit_has_onepagescroll_dot&quot;:&quot;yes&quot;}\">\n\t\t\t\t\t\t<div class=\"elementor-container elementor-column-gap-no\">\n\t\t\t\t\t\t\t<div class=\"elementor-row\">\n\t\t\t\t\t<div class=\"elementor-column elementor-col-100 elementor-top-column elementor-element elementor-element-5b83cf6a\" data-id=\"5b83cf6a\" data-element_type=\"column\">\n\t\t\t<div class=\"elementor-column-wrap elementor-element-populated\">\n\t\t\t\t\t\t\t<div class=\"elementor-widget-wrap\">\n\t\t\t\t\t\t<div class=\"elementor-element elementor-element-14d5a5a7 elementor-widget elementor-widget-image\" data-id=\"14d5a5a7\" data-element_type=\"widget\" data-widget_type=\"image.default\">\n\t\t\t\t<div class=\"elementor-widget-container\">\n\t\t\t\t\t<div class=\"elementor-image\">\n\t\t\t\t\t\t\t\t\t\t<img width=\"1600\" height=\"588\" src=\"https:\/\/www.savegre.com\/web\/wp-content\/uploads\/2020\/08\/Banner-Experiencias.png\" class=\"attachment-full size-full\" alt=\"\" loading=\"lazy\" srcset=\"https:\/\/www.savegre.com\/web\/wp-content\/uploads\/2020\/08\/Banner-Experiencias.png 1600w, https:\/\/www.savegre.com\/web\/wp-content\/uploads\/2020\/08\/Banner-Experiencias-300x110.png 300w, https:\/\/www.savegre.com\/web\/wp-content\/uploads\/2020\/08\/Banner-Experiencias-1024x376.png 1024w, https:\/\/www.savegre.com\/web\/wp-content\/uploads\/2020\/08\/Banner-Experiencias-768x282.png 768w, https:\/\/www.savegre.com\/web\/wp-content\/uploads\/2020\/08\/Banner-Experiencias-1536x564.png 1536w\" sizes=\"(max-width: 1600px) 100vw, 1600px\" \/>\t\t\t\t\t\t\t\t\t\t\t<\/div>\n\t\t\t\t<\/div>\n\t\t\t\t<\/div>\n\t\t\t\t\t\t<\/div>\n\t\t\t\t\t<\/div>\n\t\t<\/div>\n\t\t\t\t\t\t\t\t<\/div>\n\t\t\t\t\t<\/div>\n\t\t<\/section>\n\t\t\t\t<section class=\"elementor-section elementor-top-section elementor-element elementor-element-3c6ca0c5 elementor-section-boxed elementor-section-height-default elementor-section-height-default\" data-id=\"3c6ca0c5\" data-element_type=\"section\" data-settings=\"{&quot;ekit_has_onepagescroll_dot&quot;:&quot;yes&quot;}\">\n\t\t\t\t\t\t<div class=\"elementor-container elementor-column-gap-default\">\n\t\t\t\t\t\t\t<div class=\"elementor-row\">\n\t\t\t\t\t<div class=\"elementor-column elementor-col-100 elementor-top-column elementor-element elementor-element-62401071\" data-id=\"62401071\" data-element_type=\"column\">\n\t\t\t<div class=\"elementor-column-wrap elementor-element-populated\">\n\t\t\t\t\t\t\t<div class=\"elementor-widget-wrap\">\n\t\t\t\t\t\t<div class=\"elementor-element elementor-element-5bbc8f3d elementor-widget__width-auto elementor-widget elementor-widget-heading\" data-id=\"5bbc8f3d\" data-element_type=\"widget\" data-widget_type=\"heading.default\">\n\t\t\t\t<div class=\"elementor-widget-container\">\n\t\t\t<h2 class=\"elementor-heading-title elementor-size-default\">Mejor precio garantizado<\/h2>\t\t<\/div>\n\t\t\t\t<\/div>\n\t\t\t\t<section class=\"elementor-section elementor-inner-section elementor-element elementor-element-6aeab0f2 elementor-section-boxed elementor-section-height-default elementor-section-height-default\" data-id=\"6aeab0f2\" data-element_type=\"section\" data-settings=\"{&quot;ekit_has_onepagescroll_dot&quot;:&quot;yes&quot;}\">\n\t\t\t\t\t\t<div class=\"elementor-container elementor-column-gap-default\">\n\t\t\t\t\t\t\t<div class=\"elementor-row\">\n\t\t\t\t\t<div class=\"elementor-column elementor-col-100 elementor-inner-column elementor-element elementor-element-59990e13\" data-id=\"59990e13\" data-element_type=\"column\">\n\t\t\t<div class=\"elementor-column-wrap elementor-element-populated\">\n\t\t\t\t\t\t\t<div class=\"elementor-widget-wrap\">\n\t\t\t\t\t\t<div class=\"elementor-element elementor-element-4c7156e1 elementor-widget elementor-widget-heading\" data-id=\"4c7156e1\" data-element_type=\"widget\" data-widget_type=\"heading.default\">\n\t\t\t\t<div class=\"elementor-widget-container\">\n\t\t\t<h1 class=\"elementor-heading-title elementor-size-default\">POL\u00cdTICAS<\/h1>\t\t<\/div>\n\t\t\t\t<\/div>\n\t\t\t\t\t\t<\/div>\n\t\t\t\t\t<\/div>\n\t\t<\/div>\n\t\t\t\t\t\t\t\t<\/div>\n\t\t\t\t\t<\/div>\n\t\t<\/section>\n\t\t\t\t\t\t<\/div>\n\t\t\t\t\t<\/div>\n\t\t<\/div>\n\t\t\t\t\t\t\t\t<\/div>\n\t\t\t\t\t<\/div>\n\t\t<\/section>\n\t\t\t\t<section class=\"elementor-section elementor-top-section elementor-element elementor-element-ef3886c elementor-section-boxed elementor-section-height-default elementor-section-height-default\" data-id=\"ef3886c\" data-element_type=\"section\" data-settings=\"{&quot;ekit_has_onepagescroll_dot&quot;:&quot;yes&quot;}\">\n\t\t\t\t\t\t<div class=\"elementor-container elementor-column-gap-default\">\n\t\t\t\t\t\t\t<div class=\"elementor-row\">\n\t\t\t\t\t<div class=\"elementor-column elementor-col-100 elementor-top-column elementor-element elementor-element-2b7ce598\" data-id=\"2b7ce598\" data-element_type=\"column\">\n\t\t\t<div class=\"elementor-column-wrap elementor-element-populated\">\n\t\t\t\t\t\t\t<div class=\"elementor-widget-wrap\">\n\t\t\t\t\t\t<div class=\"elementor-element elementor-element-820ab2d elementor-widget elementor-widget-html\" data-id=\"820ab2d\" data-element_type=\"widget\" data-widget_type=\"html.default\">\n\t\t\t\t<div class=\"elementor-widget-container\">\n\t\t\t<div style=\"width:800px; margin:0 auto;\">\r\n <form class=\"nomargin\">\r\n                <div class=\"form-body\">\r\n                  <div class=\"frm-row\">\r\n                    <div class=\"resformcol\" style=\"float:left;\">\r\n                      <label for=\"checkin\" class=\"field-label check_title\"><\/label>\r\n                      <label for=\"checkin\" class=\"field prepend-icon\">\r\n                      <input type=\"text\" id=\"checkin\" name=\"checkin\" class=\"gui-input\" placeholder=\"CHECK IN\" value=\"\" onchange=\"UpdateCheckIn();\">\r\n                      <label class=\"field-icon\"><i class=\"fa fa-calendar\"><\/i><\/label>\r\n                      <\/label>\r\n                    <\/div>\r\n                    <!-- end section -->\r\n                    <div class=\"resformcol\" style=\"float:left;\">\r\n                      <label for=\"checkout\" class=\"field-label check_title\"><\/label>\r\n                      <label for=\"checkout\" class=\"field prepend-icon\">\r\n                      <input type=\"text\" id=\"checkout\" name=\"checkout\" class=\"gui-input\" placeholder=\"CHECK OUT\" value=\"\" onchange=\"ChangeCheckOut();\">\r\n                      <label class=\"field-icon\"><i class=\"fa fa-calendar\"><\/i><\/label>\r\n                      <\/label>\r\n                    <\/div>\r\n                    <!-- end section -->\r\n                  <\/div>\r\n                 \r\n                  <div class=\"frm-row\">\r\n                    <div class=\"resformcol\" style=\"float:left;\">\r\n                      <label for=\"adt\" class=\"field-label check_title\"><\/label>\r\n                      <label for=\"adt\" class=\"field select\">\r\n                      <select id=\"adt\" name=\"adt\">\r\n                        <option value=\"1\">1 adulto<\/option>\r\n                        <option value=\"2\" selected>2 adultos<\/option>\r\n                        <option value=\"3\">3 adultos<\/option>\r\n                      <\/select>\r\n                      <i class=\"arrow \"><\/i> <\/label>\r\n                    <\/div>\r\n                    <!-- end section -->\r\n                    <div class=\"colm colm6 col-xs-12 col-md-6\" style=\"display:none;\">\r\n                      <label for=\"chd\" class=\"field-label check_title\">CHILDREN<\/label>\r\n                      <label for=\"chd\" class=\"field select\">\r\n                      <select id=\"chd\" name=\"chd\"  onchange=\"showChildAges();\">\r\n                        <option value=\"0\" selected>0<\/option>\r\n                        <option value=\"1\">1<\/option>\r\n                        <option value=\"2\">2<\/option>\r\n                      <\/select>\r\n                      <i class=\"arrow\"><\/i> <\/label>\r\n                    <\/div>\r\n                    <!-- end section -->\r\n                     <div class=\"clearfix\"><\/div>\r\n                \r\n                \t<div class=\"edades\"  style=\"display:none;\">                      \r\n                        <div id=\"cont-child-1\">\r\n                            <label class=\"labelChild field-label check_title\">Child 1 <\/label>\r\n                            <label for=\"child-1\" class=\"field select\">\r\n                                <select class=\"cmboxChildAge\" name=\"child-1\" id=\"child-1\" >\r\n                                    <option value=\"-9\">Age<\/option>\r\n                                    <option value=\"-1\">< 1<\/option>\r\n                                    <option value=\"1\">1<\/option><option value=\"2\">2<\/option><option value=\"3\">3<\/option><option value=\"4\">4<\/option><option value=\"5\">5<\/option><option value=\"6\">6<\/option><option value=\"7\">7<\/option><option value=\"8\">8<\/option><option value=\"9\">9<\/option><option value=\"10\">10<\/option><option value=\"11\">11<\/option><option value=\"12\">12<\/option><option value=\"13\">13<\/option><option value=\"14\">14<\/option><option value=\"15\">15<\/option><option value=\"16\">16<\/option><option value=\"17\">17<\/option>                                                \r\n                                <\/select>\r\n                                 <i class=\"arrow double\"><\/i>\r\n                            <\/label>\t\r\n                        <\/div>\r\n                       \r\n                        <div id=\"cont-child-2\" style=\"display:none;\">\r\n                            <label class=\"labelChild field-label check_title\">Child 2 <\/label>\r\n                            <label for=\"child-2\" class=\"field select\">\r\n                                <select class=\"cmboxChildAge\" name=\"child-2\" id=\"child-2\">\r\n                                    <option value=\"-9\">Age<\/option>\r\n                                    <option value=\"-1\">< 1<\/option>\r\n                                    <option value=\"1\">1<\/option><option value=\"2\">2<\/option><option value=\"3\">3<\/option><option value=\"4\">4<\/option><option value=\"5\">5<\/option><option value=\"6\">6<\/option><option value=\"7\">7<\/option><option value=\"8\">8<\/option><option value=\"9\">9<\/option><option value=\"10\">10<\/option><option value=\"11\">11<\/option><option value=\"12\">12<\/option><option value=\"13\">13<\/option><option value=\"14\">14<\/option><option value=\"15\">15<\/option><option value=\"16\">16<\/option><option value=\"17\">17<\/option>                                                \r\n                                <\/select>\t\r\n                                <i class=\"arrow double\"><\/i>\r\n                            <\/label>\r\n                       <\/div>\r\n           \t   \t\t<\/div>\r\n                  <\/div>\r\n                  <!-- end .frm-row section -->\r\n                  <!-- end section -->\r\n                  <div class=\"frm-row center\">\r\n                    <div class=\" colm colm12 center nopadding\">\r\n                      <button type=\"button\" class=\"button-reserva button-3d button-rounded center nomargin \" onclick=\"callNorbe('en');\" >Reservar<\/button>\r\n                    <\/div>\r\n                    <!-- end section -->\r\n                  <\/div>\r\n                <\/div>\r\n                <!-- end .form-body section -->\r\n                <!-- end .form-footer section -->\r\n              <\/form>\r\n        <\/div>\t\t<\/div>\n\t\t\t\t<\/div>\n\t\t\t\t\t\t<\/div>\n\t\t\t\t\t<\/div>\n\t\t<\/div>\n\t\t\t\t\t\t\t\t<\/div>\n\t\t\t\t\t<\/div>\n\t\t<\/section>\n\t\t\t\t<section class=\"elementor-section elementor-top-section elementor-element elementor-element-34ec702e elementor-section-boxed elementor-section-height-default elementor-section-height-default\" data-id=\"34ec702e\" data-element_type=\"section\" data-settings=\"{&quot;background_background&quot;:&quot;classic&quot;,&quot;ekit_has_onepagescroll_dot&quot;:&quot;yes&quot;}\">\n\t\t\t\t\t\t<div class=\"elementor-container elementor-column-gap-default\">\n\t\t\t\t\t\t\t<div class=\"elementor-row\">\n\t\t\t\t\t<div class=\"elementor-column elementor-col-100 elementor-top-column elementor-element elementor-element-1329ef9d\" data-id=\"1329ef9d\" data-element_type=\"column\">\n\t\t\t<div class=\"elementor-column-wrap elementor-element-populated\">\n\t\t\t\t\t\t\t<div class=\"elementor-widget-wrap\">\n\t\t\t\t\t\t<div class=\"elementor-element elementor-element-7e488317 elementor-widget elementor-widget-text-editor\" data-id=\"7e488317\" data-element_type=\"widget\" data-widget_type=\"text-editor.default\">\n\t\t\t\t<div class=\"elementor-widget-container\">\n\t\t\t\t\t<div class=\"elementor-text-editor elementor-clearfix\"><p><strong>Pol\u00edticas de Reservaci\u00f3n y Condiciones Generales<\/strong><\/p><ul><li style=\"font-weight: 400;\"><span style=\"font-weight: 400;\">Al realizar el proceso de solicitud de reservaci\u00f3n y servicios, usted autoriza a Hotel Savegre, Reserva Natural &amp; Spa a cargar el importe total correspondiente en su tarjeta de cr\u00e9dito.<\/span><\/li><li style=\"font-weight: 400;\"><span style=\"font-weight: 400;\">Si se presenta alg\u00fan inconveniente con el cobro de su tarjeta de cr\u00e9dito, el Hotel no proceder\u00e1 con la confirmaci\u00f3n de la reserva y los servicios solicitados. Si este es el caso, usted debe registrar una nueva tarjeta con el fin de obtener la confirmaci\u00f3n.<\/span><\/li><li style=\"font-weight: 400;\"><span style=\"font-weight: 400;\">Las tarifas incluyen los impuestos y cargas aplicables seg\u00fan la legislaci\u00f3n costarricense.<\/span><\/li><li style=\"font-weight: 400;\"><span style=\"font-weight: 400;\">Las preferencias de habitaci\u00f3n y solicitudes especiales quedan sujetas a disponibilidad y el hecho de que se indiquen en la confirmaci\u00f3n no compromete al hotel.<\/span><\/li><li style=\"font-weight: 400;\"><span style=\"font-weight: 400;\">Para reservas de hospedaje la hora de entrada es a las 3 pm y la hora de salida a las12 md.<\/span><\/li><li style=\"font-weight: 400;\"><span style=\"font-weight: 400;\">No se aceptan mascotas.<\/span><\/li><\/ul><p><span style=\"font-weight: 400;\">\u00a0 \u00a0\u00a0<\/span><\/p><p><strong>Pol\u00edticas de Cancelaci\u00f3n y Reembolsos<\/strong><\/p><p><span style=\"font-weight: 400;\">Las cancelaciones ser\u00e1n efectivas a partir del momento en que se reciba notificaci\u00f3n por escrito, v\u00eda\u00a0email a la direcci\u00f3n <\/span><a href=\"mailto:ventas@savegre.com\"><span style=\"font-weight: 400;\">ventas@savegre.com<\/span><\/a><span style=\"font-weight: 400;\"> o por WhatsApp al n\u00famero +50627401028. Si aplica una devoluci\u00f3n de dinero, la misma se har\u00e1 de acuerdo con nuestras pol\u00edticas que se detallan a continuaci\u00f3n y quedan igualmente sujetas a las pol\u00edticas del emisor de la tarjeta y del procesador del cobro:<\/span><\/p><p><span style=\"font-weight: 400;\">\u00a0 \u00a0\u00a0<\/span><\/p><ul><li style=\"font-weight: 400;\"><span style=\"font-weight: 400;\">El pago total se debe hacer al realizar la reserva.<\/span><\/li><li style=\"font-weight: 400;\"><span style=\"font-weight: 400;\">La pol\u00edtica de cancelaci\u00f3n gratuita del hotel aplica hasta 72 horas previas a la fecha y hora de llegada.<\/span><\/li><li style=\"font-weight: 400;\"><span style=\"font-weight: 400;\">No aplica devoluci\u00f3n de dinero en casos donde las cancelaciones sean recibidas con menos de 72 horas de antelaci\u00f3n a la fecha y hora de llegada.<\/span><\/li><li style=\"font-weight: 400;\"><span style=\"font-weight: 400;\">No habr\u00e1 reembolso o cr\u00e9dito por cancelaciones, no show o porciones de paquetes o reservas no utilizadas.<\/span><\/li><li style=\"font-weight: 400;\"><span style=\"font-weight: 400;\">Salidas anticipadas se cobrar\u00e1 en su totalidad.<\/span><\/li><li style=\"font-weight: 400;\"><span style=\"font-weight: 400;\">No se realizar\u00e1n reintegros en aquellos casos en que el cliente no se presente a utilizar los servicios, o bien que utilice \u00fanicamente de forma parcial lo reservado.<\/span><\/li><\/ul><p>\u00a0<\/p><p><strong>Pol\u00edtica de privacidad y protecci\u00f3n de datos<\/strong><\/p><p><span style=\"font-weight: 400;\">Hotel Savegre, Reserva Natural &amp; Spa le informa sobre su Pol\u00edtica de Privacidad respecto del tratamiento y protecci\u00f3n de los datos de car\u00e1cter personal de los usuarios y clientes que puedan ser recabados por la navegaci\u00f3n o contrataci\u00f3n de servicios a trav\u00e9s del sitio Web www.savegre.com.<\/span><\/p><p><span style=\"font-weight: 400;\">Garantizamos el cumplimiento de la normativa vigente en materia de protecci\u00f3n de datos personales, reflejada la ley de Protecci\u00f3n de la Persona frente al tratamiento de sus datos personales N\u00ba 8968, de la Rep\u00fablica de Costa Rica.<\/span><\/p><p><span style=\"font-weight: 400;\">El uso de sitio Web implica la aceptaci\u00f3n de esta Pol\u00edtica de Privacidad, as\u00ed como las condiciones incluidas en el Aviso Legal.<\/span><\/p><p><span style=\"font-weight: 400;\">Hotel Savegre, Reserva Natural &amp; Spa valora su privacidad. No proporcionaremos su informaci\u00f3n personal a nadie m\u00e1s. Cuando env\u00ede informaci\u00f3n personal como su nombre, direcci\u00f3n, direcci\u00f3n de correo electr\u00f3nico y n\u00famero de tel\u00e9fono, no proporcionaremos ni venderemos esta informaci\u00f3n a ninguna compa\u00f1\u00eda externa para ning\u00fan uso. La informaci\u00f3n que proporcione se mantendr\u00e1 confidencial y se usar\u00e1 solo para respaldar su relaci\u00f3n de cliente con nosotros. Tenemos medidas de seguridad apropiadas para proteger contra la p\u00e9rdida, mal uso o alteraci\u00f3n de la informaci\u00f3n que hemos recopilado de usted en nuestro sitio.<\/span><\/p><p><span style=\"font-weight: 400;\">Toda la informaci\u00f3n contenida en este sitio web, incluido el dise\u00f1o del sitio, los gr\u00e1ficos y el texto, son propiedad intelectual de Hotel Savegre, Reserva Natural &amp; Spa. Todas las dem\u00e1s marcas comerciales, nombres de compa\u00f1\u00edas, nombres de productos y \/ o logotipos establecidos en este sitio web son propiedad de sus respectivos due\u00f1os.<\/span><\/p><p>\u00a0<\/p><p><strong>Contenido de otros sitios web<\/strong><\/p><p><span style=\"font-weight: 400;\">Las p\u00e1ginas de este sitio Web pueden incluir contenido incrustado (por ejemplo, v\u00eddeos, im\u00e1genes, art\u00edculos, etc.). El contenido incrustado de otra web se comporta exactamente de la misma manera que si hubieras visitado la otra web.<\/span><\/p><p><span style=\"font-weight: 400;\">Estos sitios Web pueden recopilar datos sobre ti, utilizar cookies, incrustar un c\u00f3digo de seguimiento adicional de terceros, y supervisar tu interacci\u00f3n usando este c\u00f3digo.<\/span><\/p><p>\u00a0<\/p><p><strong>Pol\u00edtica de Cookies<\/strong><\/p><p><span style=\"font-weight: 400;\">Para que este sitio Web funcione correctamente necesita utilizar cookies, que es una informaci\u00f3n que se almacena en tu navegador web.<\/span><\/p><\/div>\n\t\t\t\t<\/div>\n\t\t\t\t<\/div>\n\t\t\t\t\t\t<\/div>\n\t\t\t\t\t<\/div>\n\t\t<\/div>\n\t\t\t\t\t\t\t\t<\/div>\n\t\t\t\t\t<\/div>\n\t\t<\/section>\n\t\t\t\t\t\t<\/div>\n\t\t\t\t\t\t<\/div>\n\t\t\t\t\t<\/div>\n\t\t","protected":false},"excerpt":{"rendered":"<p>Mejor precio garantizado POL\u00cdTICAS 1 adulto2 adultos3 adultos CHILDREN 012 Child 1 Age&lt; 11234567891011121314151617 Child 2 Age&lt; 11234567891011121314151617 Reservar Pol\u00edticas de Reservaci\u00f3n y Condiciones Generales Al realizar el proceso de solicitud de reservaci\u00f3n y servicios, usted autoriza a Hotel Savegre, Reserva Natural &amp; Spa a cargar el importe total correspondiente en su tarjeta de cr\u00e9dito. [&hellip;]<\/p>\n","protected":false},"author":1,"featured_media":0,"parent":0,"menu_order":0,"comment_status":"closed","ping_status":"open","template":"","meta":[],"_links":{"self":[{"href":"https:\/\/www.savegre.com\/web\/wp-json\/wp\/v2\/pages\/3"}],"collection":[{"href":"https:\/\/www.savegre.com\/web\/wp-json\/wp\/v2\/pages"}],"about":[{"href":"https:\/\/www.savegre.com\/web\/wp-json\/wp\/v2\/types\/page"}],"author":[{"embeddable":true,"href":"https:\/\/www.savegre.com\/web\/wp-json\/wp\/v2\/users\/1"}],"replies":[{"embeddable":true,"href":"https:\/\/www.savegre.com\/web\/wp-json\/wp\/v2\/comments?post=3"}],"version-history":[{"count":4,"href":"https:\/\/www.savegre.com\/web\/wp-json\/wp\/v2\/pages\/3\/revisions"}],"predecessor-version":[{"id":1045,"href":"https:\/\/www.savegre.com\/web\/wp-json\/wp\/v2\/pages\/3\/revisions\/1045"}],"wp:attachment":[{"href":"https:\/\/www.savegre.com\/web\/wp-json\/wp\/v2\/media?parent=3"}],"curies":[{"name":"wp","href":"https:\/\/api.w.org\/{rel}","templated":true}]}}