{"id":842,"date":"2020-10-27T09:45:29","date_gmt":"2020-10-27T09:45:29","guid":{"rendered":"http:\/\/www.savegre.com\/web\/?page_id=842"},"modified":"2020-11-09T11:13:04","modified_gmt":"2020-11-09T11:13:04","slug":"blog","status":"publish","type":"page","link":"https:\/\/www.savegre.com\/web\/blog\/","title":{"rendered":"Blog"},"content":{"rendered":"\t\t<div data-elementor-type=\"wp-page\" data-elementor-id=\"842\" class=\"elementor elementor-842\" data-elementor-settings=\"[]\">\n\t\t\t\t\t\t<div class=\"elementor-inner\">\n\t\t\t\t\t\t\t<div class=\"elementor-section-wrap\">\n\t\t\t\t\t\t\t<section class=\"elementor-section elementor-top-section elementor-element elementor-element-177589f elementor-section-full_width elementor-section-height-default elementor-section-height-default\" data-id=\"177589f\" data-element_type=\"section\" data-settings=\"{&quot;ekit_has_onepagescroll_dot&quot;:&quot;yes&quot;}\">\n\t\t\t\t\t\t<div class=\"elementor-container elementor-column-gap-no\">\n\t\t\t\t\t\t\t<div class=\"elementor-row\">\n\t\t\t\t\t<div class=\"elementor-column elementor-col-100 elementor-top-column elementor-element elementor-element-ec70c31\" data-id=\"ec70c31\" data-element_type=\"column\">\n\t\t\t<div class=\"elementor-column-wrap elementor-element-populated\">\n\t\t\t\t\t\t\t<div class=\"elementor-widget-wrap\">\n\t\t\t\t\t\t<div class=\"elementor-element elementor-element-3389a79 elementor-widget elementor-widget-image\" data-id=\"3389a79\" data-element_type=\"widget\" data-widget_type=\"image.default\">\n\t\t\t\t<div class=\"elementor-widget-container\">\n\t\t\t\t\t<div class=\"elementor-image\">\n\t\t\t\t\t\t\t\t\t\t<img width=\"1600\" height=\"588\" src=\"https:\/\/www.savegre.com\/web\/wp-content\/uploads\/2020\/08\/Banner-Experiencias.jpg\" class=\"attachment-full size-full\" alt=\"\" loading=\"lazy\" srcset=\"https:\/\/www.savegre.com\/web\/wp-content\/uploads\/2020\/08\/Banner-Experiencias.jpg 1600w, https:\/\/www.savegre.com\/web\/wp-content\/uploads\/2020\/08\/Banner-Experiencias-300x110.jpg 300w, https:\/\/www.savegre.com\/web\/wp-content\/uploads\/2020\/08\/Banner-Experiencias-1024x376.jpg 1024w, https:\/\/www.savegre.com\/web\/wp-content\/uploads\/2020\/08\/Banner-Experiencias-768x282.jpg 768w, https:\/\/www.savegre.com\/web\/wp-content\/uploads\/2020\/08\/Banner-Experiencias-1536x564.jpg 1536w\" sizes=\"(max-width: 1600px) 100vw, 1600px\" \/>\t\t\t\t\t\t\t\t\t\t\t<\/div>\n\t\t\t\t<\/div>\n\t\t\t\t<\/div>\n\t\t\t\t\t\t<\/div>\n\t\t\t\t\t<\/div>\n\t\t<\/div>\n\t\t\t\t\t\t\t\t<\/div>\n\t\t\t\t\t<\/div>\n\t\t<\/section>\n\t\t\t\t<section class=\"elementor-section elementor-top-section elementor-element elementor-element-19d677e elementor-section-boxed elementor-section-height-default elementor-section-height-default\" data-id=\"19d677e\" data-element_type=\"section\" data-settings=\"{&quot;background_background&quot;:&quot;classic&quot;,&quot;ekit_has_onepagescroll_dot&quot;:&quot;yes&quot;}\">\n\t\t\t\t\t\t<div class=\"elementor-container elementor-column-gap-default\">\n\t\t\t\t\t\t\t<div class=\"elementor-row\">\n\t\t\t\t\t<div class=\"elementor-column elementor-col-100 elementor-top-column elementor-element elementor-element-ecdb0df\" data-id=\"ecdb0df\" data-element_type=\"column\">\n\t\t\t<div class=\"elementor-column-wrap elementor-element-populated\">\n\t\t\t\t\t\t\t<div class=\"elementor-widget-wrap\">\n\t\t\t\t\t\t<div class=\"elementor-element elementor-element-b3c5877 elementor-widget elementor-widget-heading\" data-id=\"b3c5877\" data-element_type=\"widget\" data-widget_type=\"heading.default\">\n\t\t\t\t<div class=\"elementor-widget-container\">\n\t\t\t<h2 class=\"elementor-heading-title elementor-size-default\">BLOG<\/h2>\t\t<\/div>\n\t\t\t\t<\/div>\n\t\t\t\t<div class=\"elementor-element elementor-element-782e370 elementor-widget elementor-widget-elementskit-blog-posts\" data-id=\"782e370\" data-element_type=\"widget\" data-widget_type=\"elementskit-blog-posts.default\">\n\t\t\t\t<div class=\"elementor-widget-container\">\n\t\t\t<div class=\"ekit-wid-con\" >        <div id=\"post-items--782e370\" class=\"row post-items\">\r\n                    <div class=\"col-lg-4 col-md-6\">\r\n\r\n                                    <div class=\"elementskit-post-image-card\">\r\n                        <div class=\"elementskit-entry-header\">\r\n                            \r\n                                                    <\/div><!-- .elementskit-entry-header END -->\r\n\r\n                        <div class=\"elementskit-post-body \">\r\n                            \r\n                                                                                                                                                        \r\n                                        \r\n                                                                                                <h2 class=\"entry-title\">\r\n                    <a href=\"https:\/\/www.savegre.com\/web\/uncategorized\/paso-una-vez-en-la-montana\/\">\r\n                            Pas\u00f3 una vez en la monta\u00f1a\u2026                    <\/a>\r\n                <\/h2>\r\n                                                                                                                                                                                            <p>M\u00e1s de medio siglo atr\u00e1s, en un d\u00eda de cacer\u00eda del a\u00f1o 1954, un grupo de hombres perdieron su ruta mientras segu\u00edan una presa en la monta\u00f1a. Dentro de este grupo estaban Efra\u00edn y Federico Chac\u00f3n, quienes hasta ese momento se dedicaban a laborar como peones en fincas cafetaleras de la Zona de los Santos. [&hellip;]<\/p>\n                                                                                                                                                        <div class=\"btn-wraper\">\r\n                                    \r\n                                                                            <a href=\"https:\/\/www.savegre.com\/web\/uncategorized\/paso-una-vez-en-la-montana\/\" class=\"elementskit-btn \" >\r\n                                                                                    Leer m\u00e1s                                        <\/a>\r\n                                                                    <\/div>\r\n                                                    <\/div><!-- .elementskit-post-body END -->\r\n                    <\/div>\r\n                \r\n            <\/div>\r\n                    <div class=\"col-lg-4 col-md-6\">\r\n\r\n                                    <div class=\"elementskit-post-image-card\">\r\n                        <div class=\"elementskit-entry-header\">\r\n                                                            <a href=\"https:\/\/www.savegre.com\/web\/uncategorized\/otra-prueba-para-el-blog\/\" class=\"elementskit-entry-thumb\">\r\n                                    <img src=\"https:\/\/www.savegre.com\/web\/wp-content\/uploads\/2020\/08\/Suite2.jpg\" alt=\"Nuestro compromiso es brindar HOSPITALIDAD con SEGURIDAD\">\r\n                                <\/a><!-- .elementskit-entry-thumb END -->\r\n                                                            \r\n                                                    <\/div><!-- .elementskit-entry-header END -->\r\n\r\n                        <div class=\"elementskit-post-body \">\r\n                            \r\n                                                                                                                                                        \r\n                                        \r\n                                                                                                <h2 class=\"entry-title\">\r\n                    <a href=\"https:\/\/www.savegre.com\/web\/uncategorized\/otra-prueba-para-el-blog\/\">\r\n                            Nuestro compromiso es brindar HOSPITALIDAD con SEGURIDAD                    <\/a>\r\n                <\/h2>\r\n                                                                                                                                                                                            <p>Queremos ofrecer un ambiente seguro, tanto para nuestros hu\u00e9spedes como a nuestro personal, por eso ejecutamos una serie de protocolos que aseguran que las nuevas medidas de distanciamiento y limpieza se lleven a cabo de la mejor manera y con toda responsabilidad sin que estas representen una molestia o una disminuci\u00f3n en la calidad de [&hellip;]<\/p>\n                                                                                                                                                        <div class=\"btn-wraper\">\r\n                                    \r\n                                                                            <a href=\"https:\/\/www.savegre.com\/web\/uncategorized\/otra-prueba-para-el-blog\/\" class=\"elementskit-btn \" >\r\n                                                                                    Leer m\u00e1s                                        <\/a>\r\n                                                                    <\/div>\r\n                                                    <\/div><!-- .elementskit-post-body END -->\r\n                    <\/div>\r\n                \r\n            <\/div>\r\n                    <div class=\"col-lg-4 col-md-6\">\r\n\r\n                                    <div class=\"elementskit-post-image-card\">\r\n                        <div class=\"elementskit-entry-header\">\r\n                                                            <a href=\"https:\/\/www.savegre.com\/web\/uncategorized\/elementor-1016\/\" class=\"elementskit-entry-thumb\">\r\n                                    <img src=\"https:\/\/www.savegre.com\/web\/wp-content\/uploads\/2020\/08\/Amenidades10.jpg\" alt=\"Explorando nuestra identidad&#8230;\">\r\n                                <\/a><!-- .elementskit-entry-thumb END -->\r\n                                                            \r\n                                                    <\/div><!-- .elementskit-entry-header END -->\r\n\r\n                        <div class=\"elementskit-post-body \">\r\n                            \r\n                                                                                                                                                        \r\n                                        \r\n                                                                                                <h2 class=\"entry-title\">\r\n                    <a href=\"https:\/\/www.savegre.com\/web\/uncategorized\/elementor-1016\/\">\r\n                            Explorando nuestra identidad&#8230;                    <\/a>\r\n                <\/h2>\r\n                                                                                                                                                                                            <p>As\u00ed como nos abrimos paso en la monta\u00f1a, nos abrimos paso a un renacer y como buenos exploradores nos reencontramos con nuestra identidad. Emprendimos la aventura de renovarnos y as\u00ed como Savegre naci\u00f3 del anhelo de explorar la monta\u00f1a, nuestra identidad y voz de marca nacen de la monta\u00f1a misma, integrando y haciendo homenaje a [&hellip;]<\/p>\n                                                                                                                                                        <div class=\"btn-wraper\">\r\n                                    \r\n                                                                            <a href=\"https:\/\/www.savegre.com\/web\/uncategorized\/elementor-1016\/\" class=\"elementskit-btn \" >\r\n                                                                                    Leer m\u00e1s                                        <\/a>\r\n                                                                    <\/div>\r\n                                                    <\/div><!-- .elementskit-post-body END -->\r\n                    <\/div>\r\n                \r\n            <\/div>\r\n                <\/div>\r\n       <\/div>\t\t<\/div>\n\t\t\t\t<\/div>\n\t\t\t\t\t\t<\/div>\n\t\t\t\t\t<\/div>\n\t\t<\/div>\n\t\t\t\t\t\t\t\t<\/div>\n\t\t\t\t\t<\/div>\n\t\t<\/section>\n\t\t\t\t\t\t<\/div>\n\t\t\t\t\t\t<\/div>\n\t\t\t\t\t<\/div>\n\t\t","protected":false},"excerpt":{"rendered":"<p>BLOG Lorem ipsum Hotel Savegre sit amet, consectetur adipiscing elit Lorem ipsum dolor sit amet, consectetur adipiscing elit. Vestibulum venenatis, mi vitae euismod gravida, purus quam ultrices leo, ac scelerisque sem mi quis nulla. Pellentesque nibh purus, porta at ultricies ac, malesuada eget justo. Donec consequat facilisis viverra. Nam finibus est ipsum, sit amet accumsan [&hellip;]<\/p>\n","protected":false},"author":1,"featured_media":0,"parent":0,"menu_order":0,"comment_status":"closed","ping_status":"closed","template":"elementor_header_footer","meta":[],"_links":{"self":[{"href":"https:\/\/www.savegre.com\/web\/wp-json\/wp\/v2\/pages\/842"}],"collection":[{"href":"https:\/\/www.savegre.com\/web\/wp-json\/wp\/v2\/pages"}],"about":[{"href":"https:\/\/www.savegre.com\/web\/wp-json\/wp\/v2\/types\/page"}],"author":[{"embeddable":true,"href":"https:\/\/www.savegre.com\/web\/wp-json\/wp\/v2\/users\/1"}],"replies":[{"embeddable":true,"href":"https:\/\/www.savegre.com\/web\/wp-json\/wp\/v2\/comments?post=842"}],"version-history":[{"count":3,"href":"https:\/\/www.savegre.com\/web\/wp-json\/wp\/v2\/pages\/842\/revisions"}],"predecessor-version":[{"id":958,"href":"https:\/\/www.savegre.com\/web\/wp-json\/wp\/v2\/pages\/842\/revisions\/958"}],"wp:attachment":[{"href":"https:\/\/www.savegre.com\/web\/wp-json\/wp\/v2\/media?parent=842"}],"curies":[{"name":"wp","href":"https:\/\/api.w.org\/{rel}","templated":true}]}}